{"id":331,"date":"2019-11-13T08:31:57","date_gmt":"2019-11-13T08:31:57","guid":{"rendered":"https:\/\/shtheme.info\/demosd\/eventrox\/?page_id=331"},"modified":"2025-10-15T08:39:13","modified_gmt":"2025-10-15T08:39:13","slug":"contacto","status":"publish","type":"page","link":"https:\/\/desaltorrevieja.com\/en\/contacto\/","title":{"rendered":"Contact"},"content":{"rendered":"<div data-elementor-type=\"wp-post\" data-elementor-id=\"331\" class=\"elementor elementor-331\">\n\t\t\t\t\t\t<section class=\"elementor-section elementor-top-section elementor-element elementor-element-2a96097 elementor-section-full_width elementor-section-height-default elementor-section-height-default\" data-id=\"2a96097\" data-element_type=\"section\">\n\t\t\t\t\t\t<div class=\"elementor-container elementor-column-gap-no\">\n\t\t\t\t\t<div class=\"elementor-column elementor-col-100 elementor-top-column elementor-element elementor-element-8da656b\" data-id=\"8da656b\" data-element_type=\"column\">\n\t\t\t<div class=\"elementor-widget-wrap elementor-element-populated\">\n\t\t\t\t\t\t<div class=\"elementor-element elementor-element-d91530f elementor-align-center elementor-widget elementor-widget-bdevs-banner-other\" data-id=\"d91530f\" data-element_type=\"widget\" data-widget_type=\"bdevs-banner-other.default\">\n\t\t\t\t<div class=\"elementor-widget-container\">\n\t\t\t\t\t  \n\t\t<h2 style=\"display: none;\">11111<\/h2>\n\t<section class=\"page-title\" style=\"background-image:url();\">\n\n        <div class=\"auto-container\">\n\n        \t\n            <h1>Contact<\/h1>\n\n            \n            <ul class=\"bread-crumb clearfix\">\n\n                <li><a href=\"https:\/\/desaltorrevieja.com\/en\/\">Home<\/a><\/li>\n\n                \n                <li>Contact<\/li>\n\n                \n            <\/ul>\n\n        <\/div>\n\n    <\/section>\n\n\t\t\t\t\t<\/div>\n\t\t\t\t<\/div>\n\t\t\t\t\t<\/div>\n\t\t<\/div>\n\t\t\t\t\t<\/div>\n\t\t<\/section>\n\t\t\t\t<section class=\"elementor-section elementor-top-section elementor-element elementor-element-3e04d1f elementor-section-full_width elementor-section-height-default elementor-section-height-default\" data-id=\"3e04d1f\" data-element_type=\"section\">\n\t\t\t\t\t\t<div class=\"elementor-container elementor-column-gap-no\">\n\t\t\t\t\t<div class=\"elementor-column elementor-col-100 elementor-top-column elementor-element elementor-element-f0009b5\" data-id=\"f0009b5\" data-element_type=\"column\">\n\t\t\t<div class=\"elementor-widget-wrap elementor-element-populated\">\n\t\t\t\t\t\t<div class=\"elementor-element elementor-element-c8dfce0 elementor-align-left elementor-widget elementor-widget-bdevs-contact\" data-id=\"c8dfce0\" data-element_type=\"widget\" data-widget_type=\"bdevs-contact.default\">\n\t\t\t\t<div class=\"elementor-widget-container\">\n\t\t\t\t\t \n\t<h2 style=\"display: none;\">11111<\/h2>\n\t <section class=\"contact-page-section\">\n\n        <div class=\"auto-container\">\n\n            <div class=\"row clearfix\">\n\n                <div class=\"contact-column col-lg-4 col-md-12 col-sm-12 order-2\">\n\n                    <div class=\"inner-column\">\n\n                    \t\n                        <div class=\"sec-title\">\n\n                            <h2>Contact us<\/h2>\n\n                        <\/div>\n\n                         \n                        <ul class=\"contact-info\">\n\n                        \n\n\n                            <li>\n\n                            \t\n                                <span class=\"icon fa fa-phone-volume\"><\/span>\n\n                                \n                                \n                                <p><strong>Telephone<\/strong><\/p>\n\n                                \n                                \n                                <p>+34 747 469 634<\/p>\n\n                                \n                            <\/li>\n\n\n\n                        \n\n\n                            <li>\n\n                            \t\n                                <span class=\"icon fa fa-envelope\"><\/span>\n\n                                \n                                \n                                <p><strong>Email<\/strong><\/p>\n\n                                \n                                \n                                <p>desaltorrevieja@gmail.com<\/p>\n\n                                \n                            <\/li>\n\n\n\n                        \n\n\n                            <li>\n\n                            \t\n                                <span class=\"icon fab fa-instagram\"><\/span>\n\n                                \n                                \n                                <p><strong><a href=\"https:\/\/www.instagram.com\/desaltorrevieja\" target=\"_blank\" style=\"color: #222222\">Instagram<\/a><\/strong><\/p>\n\n                                \n                                \n                                <p><a href=\"https:\/\/www.instagram.com\/desaltorrevieja\" target=\"_blank\">desaltorrevieja<\/a><\/p>\n\n                                \n                            <\/li>\n\n\n\n                        \n                            \n\n                        <\/ul>\n\n\n\n                        <ul class=\"social-icon-two social-icon-colored\">\n\n                        \t\n                            \n                            \n                            \n                            \n                        <\/ul>\n\n                    <\/div>\n\n                <\/div>\n\n\n\n                <!-- Form Column -->\n\n                <div class=\"form-column col-lg-8 col-md-12 col-sm-12\">\n\n                    <div class=\"inner-column\">\n\n                        <div class=\"contact-form\">\n\n                        \t\n                            <div class=\"sec-title\">\n\n                                <h2>Contact us<\/h2>\n\n                            <\/div>\n\n                            \n                            \n<div class=\"wpcf7 no-js\" id=\"wpcf7-f587-o1\" lang=\"en-US\" dir=\"ltr\" data-wpcf7-id=\"587\">\n<div class=\"screen-reader-response\"><p role=\"status\" aria-live=\"polite\" aria-atomic=\"true\"><\/p> <ul><\/ul><\/div>\n<form action=\"\/en\/wp-json\/wp\/v2\/pages\/331#wpcf7-f587-o1\" method=\"post\" class=\"wpcf7-form init\" aria-label=\"Contact form\" novalidate=\"novalidate\" data-status=\"init\" data-trp-original-action=\"\/en\/wp-json\/wp\/v2\/pages\/331#wpcf7-f587-o1\">\n<fieldset class=\"hidden-fields-container\"><input type=\"hidden\" name=\"_wpcf7\" value=\"587\" \/><input type=\"hidden\" name=\"_wpcf7_version\" value=\"6.1.2\" \/><input type=\"hidden\" name=\"_wpcf7_locale\" value=\"en_US\" \/><input type=\"hidden\" name=\"_wpcf7_unit_tag\" value=\"wpcf7-f587-o1\" \/><input type=\"hidden\" name=\"_wpcf7_container_post\" value=\"0\" \/><input type=\"hidden\" name=\"_wpcf7_posted_data_hash\" value=\"\" \/><input type=\"hidden\" name=\"_wpcf7_recaptcha_response\" value=\"\" \/>\n<\/fieldset>\n<div  id=\"contact-form\">\n\t<div class=\"row clearfix\">\n\t\t<div class=\"col-lg-6 col-md-6 col-sm-12 form-group\">\n\t\t\t<p><span class=\"wpcf7-form-control-wrap\" data-name=\"name\"><input size=\"40\" maxlength=\"400\" class=\"wpcf7-form-control wpcf7-text wpcf7-validates-as-required\" aria-required=\"true\" aria-invalid=\"false\" placeholder=\"Name\" value=\"\" type=\"text\" name=\"name\" \/><\/span>\n\t\t\t<\/p>\n\t\t<\/div>\n\t\t<div class=\"col-lg-6 col-md-6 col-sm-12 form-group\">\n\t\t\t<p><span class=\"wpcf7-form-control-wrap\" data-name=\"phone\"><input size=\"40\" maxlength=\"400\" class=\"wpcf7-form-control wpcf7-text wpcf7-validates-as-required\" aria-required=\"true\" aria-invalid=\"false\" placeholder=\"Telephone\" value=\"\" type=\"text\" name=\"phone\" \/><\/span>\n\t\t\t<\/p>\n\t\t<\/div>\n\t\t<div class=\"col-lg-6 col-md-6 col-sm-12 form-group\">\n\t\t\t<p><span class=\"wpcf7-form-control-wrap\" data-name=\"email\"><input size=\"40\" maxlength=\"400\" class=\"wpcf7-form-control wpcf7-email wpcf7-validates-as-required wpcf7-text wpcf7-validates-as-email\" aria-required=\"true\" aria-invalid=\"false\" placeholder=\"Email\" value=\"\" type=\"email\" name=\"email\" \/><\/span>\n\t\t\t<\/p>\n\t\t<\/div>\n\t\t<div class=\"col-lg-6 col-md-6 col-sm-12 form-group\">\n\t\t\t<p><span class=\"wpcf7-form-control-wrap\" data-name=\"subject\"><input size=\"40\" maxlength=\"400\" class=\"wpcf7-form-control wpcf7-text wpcf7-validates-as-required\" aria-required=\"true\" aria-invalid=\"false\" placeholder=\"Subject\" value=\"\" type=\"text\" name=\"subject\" \/><\/span>\n\t\t\t<\/p>\n\t\t<\/div>\n\t\t<div class=\"col-lg-12 col-md-12 col-sm-12 form-group\">\n\t\t\t<p><span class=\"wpcf7-form-control-wrap\" data-name=\"Message\"><textarea cols=\"40\" rows=\"10\" maxlength=\"2000\" class=\"wpcf7-form-control wpcf7-textarea wpcf7-validates-as-required\" aria-required=\"true\" aria-invalid=\"false\" placeholder=\"Message\" name=\"Message\"><\/textarea><\/span>\n\t\t\t<\/p>\n\t\t<\/div>\n\t\t<div class=\"col-lg-12 col-md-12 col-sm-12 form-group\">\n\t\t\t<p><span class=\"wpcf7-form-control-wrap\" data-name=\"aceptacion\"><span class=\"wpcf7-form-control wpcf7-acceptance\"><span class=\"wpcf7-list-item\"><label><input type=\"checkbox\" name=\"aceptacion\" value=\"1\" aria-invalid=\"false\" \/><span class=\"wpcf7-list-item-label\">I have read and agree with the <a href=\"\/en\/politica-de-privacidad\/\" target=\"_blank\">privacy policy<\/a>.<\/span><\/label><\/span><\/span><\/span><br \/>\n<input class=\"wpcf7-form-control wpcf7-submit has-spinner theme-btn btn-style-one btn-title\" type=\"submit\" value=\"Send\" \/>\n\t\t\t<\/p>\n\t\t<\/div>\n\t<\/div>\n<\/div><input type='hidden' class='wpcf7-pum' value='{\"closepopup\":false,\"closedelay\":0,\"openpopup\":false,\"openpopup_id\":0}' \/><div class=\"wpcf7-response-output\" aria-hidden=\"true\"><\/div>\n<input type=\"hidden\" name=\"trp-form-language\" value=\"en\"\/><\/form>\n<\/div>\n\n                        <\/div>\n\n                    <\/div>\n\n                <\/div>\n\n            <\/div>\n\n        <\/div>\n\n    <\/section>\n\n    \n\n\t\t\t\t\t<\/div>\n\t\t\t\t<\/div>\n\t\t\t\t\t<\/div>\n\t\t<\/div>\n\t\t\t\t\t<\/div>\n\t\t<\/section>\n\t\t\t\t<section class=\"elementor-section elementor-top-section elementor-element elementor-element-aaa4e9b elementor-section-boxed elementor-section-height-default elementor-section-height-default\" data-id=\"aaa4e9b\" data-element_type=\"section\">\n\t\t\t\t\t\t<div class=\"elementor-container elementor-column-gap-no\">\n\t\t\t\t\t<div class=\"elementor-column elementor-col-100 elementor-top-column elementor-element elementor-element-3523a76\" data-id=\"3523a76\" data-element_type=\"column\">\n\t\t\t<div class=\"elementor-widget-wrap elementor-element-populated\">\n\t\t\t\t\t\t<div class=\"elementor-element elementor-element-8e037b6 elementor-widget elementor-widget-heading\" data-id=\"8e037b6\" data-element_type=\"widget\" data-widget_type=\"heading.default\">\n\t\t\t\t<div class=\"elementor-widget-container\">\n\t\t\t\t\t<h2 class=\"elementor-heading-title elementor-size-default\">Location<\/h2>\t\t\t\t<\/div>\n\t\t\t\t<\/div>\n\t\t\t\t<div class=\"elementor-element elementor-element-e21866b elementor-widget elementor-widget-text-editor\" data-id=\"e21866b\" data-element_type=\"widget\" data-widget_type=\"text-editor.default\">\n\t\t\t\t<div class=\"elementor-widget-container\">\n\t\t\t\t\t\t\t\t\t<b style=\"font-size: 1.5em;\">Finca Victoria Garden<\/b><\/br>C\/ Gerona (Torrevieja)\t\t\t\t\t\t\t\t<\/div>\n\t\t\t\t<\/div>\n\t\t\t\t\t<\/div>\n\t\t<\/div>\n\t\t\t\t\t<\/div>\n\t\t<\/section>\n\t\t\t\t<section class=\"elementor-section elementor-top-section elementor-element elementor-element-113a679 elementor-section-boxed elementor-section-height-default elementor-section-height-default\" data-id=\"113a679\" data-element_type=\"section\">\n\t\t\t\t\t\t<div class=\"elementor-container elementor-column-gap-default\">\n\t\t\t\t\t<div class=\"elementor-column elementor-col-50 elementor-top-column elementor-element elementor-element-43104c7\" data-id=\"43104c7\" data-element_type=\"column\">\n\t\t\t<div class=\"elementor-widget-wrap elementor-element-populated\">\n\t\t\t\t\t\t<div class=\"elementor-element elementor-element-d0cb489 elementor-align-center elementor-widget elementor-widget-bdevs-contact-map\" data-id=\"d0cb489\" data-element_type=\"widget\" id=\"mapaubicacion\" data-widget_type=\"bdevs-contact-map.default\">\n\t\t\t\t<div class=\"elementor-widget-container\">\n\t\t\t\t\t \n\t<h2 style=\"display: none;\">11111<\/h2>\n\t<section class=\"map-section\">\n\n        <div class=\"auto-container\">\n\n            <div class=\"map-outer\">\n\n                <iframe src=\"https:\/\/www.google.com\/maps\/embed?pb=!1m14!1m8!1m3!1d4210.9502520532415!2d-0.6539379!3d38.0028269!3m2!1i1024!2i768!4f13.1!3m3!1m2!1s0xd63abde508e7e2f%3A0xa98ae8d843ff5ed5!2sFinca%20Victoria%20Garden!5e1!3m2!1ses!2ses!4v1730377164683!5m2!1ses!2ses\" width=\"600\" height=\"450\" frameborder=\"0\" style=\"border:0;\" allowfullscreen=\"\"><\/iframe>\n\n            <\/div>\n\n        <\/div>\n\n    <\/section>\n\n\t\t\t\t\t<\/div>\n\t\t\t\t<\/div>\n\t\t\t\t\t<\/div>\n\t\t<\/div>\n\t\t\t\t<div class=\"elementor-column elementor-col-50 elementor-top-column elementor-element elementor-element-7a060dc\" data-id=\"7a060dc\" data-element_type=\"column\">\n\t\t\t<div class=\"elementor-widget-wrap elementor-element-populated\">\n\t\t\t\t\t\t<div class=\"elementor-element elementor-element-ef5e753 elementor-widget elementor-widget-image\" data-id=\"ef5e753\" data-element_type=\"widget\" data-widget_type=\"image.default\">\n\t\t\t\t<div class=\"elementor-widget-container\">\n\t\t\t\t\t\t\t\t\t\t\t\t\t\t\t<img fetchpriority=\"high\" decoding=\"async\" width=\"1680\" height=\"1120\" src=\"https:\/\/desaltorrevieja.com\/wp-content\/uploads\/2024\/10\/Finca.jpeg\" class=\"attachment-full size-full wp-image-869\" alt=\"\" srcset=\"https:\/\/desaltorrevieja.com\/wp-content\/uploads\/2024\/10\/Finca.jpeg 1680w, https:\/\/desaltorrevieja.com\/wp-content\/uploads\/2024\/10\/Finca-300x200.jpeg 300w, https:\/\/desaltorrevieja.com\/wp-content\/uploads\/2024\/10\/Finca-1024x683.jpeg 1024w, https:\/\/desaltorrevieja.com\/wp-content\/uploads\/2024\/10\/Finca-768x512.jpeg 768w, https:\/\/desaltorrevieja.com\/wp-content\/uploads\/2024\/10\/Finca-1536x1024.jpeg 1536w\" sizes=\"(max-width: 1680px) 100vw, 1680px\" \/>\t\t\t\t\t\t\t\t\t\t\t\t\t\t\t<\/div>\n\t\t\t\t<\/div>\n\t\t\t\t\t<\/div>\n\t\t<\/div>\n\t\t\t\t\t<\/div>\n\t\t<\/section>\n\t\t\t\t<\/div>","protected":false},"excerpt":{"rendered":"<p>11111 Contacto Home Contacto 11111 Contacta con nosotros Tel\u00e9fono +34 747 469 634 Email desaltorrevieja@gmail.com Instagram desaltorrevieja Contacta con nosotros He le\u00eddo y estoy de acuerdo con la pol\u00edtica de privacidad. Ubicaci\u00f3n Finca Victoria GardenC\/ Gerona (Torrevieja) 11111<\/p>","protected":false},"author":1,"featured_media":0,"parent":0,"menu_order":0,"comment_status":"closed","ping_status":"closed","template":"page-templates\/other_page.php","meta":{"_themeisle_gutenberg_block_has_review":false,"footnotes":""},"class_list":["post-331","page","type-page","status-publish","hentry"],"_links":{"self":[{"href":"https:\/\/desaltorrevieja.com\/en\/wp-json\/wp\/v2\/pages\/331","targetHints":{"allow":["GET"]}}],"collection":[{"href":"https:\/\/desaltorrevieja.com\/en\/wp-json\/wp\/v2\/pages"}],"about":[{"href":"https:\/\/desaltorrevieja.com\/en\/wp-json\/wp\/v2\/types\/page"}],"author":[{"embeddable":true,"href":"https:\/\/desaltorrevieja.com\/en\/wp-json\/wp\/v2\/users\/1"}],"replies":[{"embeddable":true,"href":"https:\/\/desaltorrevieja.com\/en\/wp-json\/wp\/v2\/comments?post=331"}],"version-history":[{"count":49,"href":"https:\/\/desaltorrevieja.com\/en\/wp-json\/wp\/v2\/pages\/331\/revisions"}],"predecessor-version":[{"id":1363,"href":"https:\/\/desaltorrevieja.com\/en\/wp-json\/wp\/v2\/pages\/331\/revisions\/1363"}],"wp:attachment":[{"href":"https:\/\/desaltorrevieja.com\/en\/wp-json\/wp\/v2\/media?parent=331"}],"curies":[{"name":"wp","href":"https:\/\/api.w.org\/{rel}","templated":true}]}}